{"id":78,"date":"2023-01-30T12:46:29","date_gmt":"2023-01-30T12:46:29","guid":{"rendered":"https:\/\/restaurantelasrejas.com\/?page_id=78"},"modified":"2023-03-20T10:07:51","modified_gmt":"2023-03-20T10:07:51","slug":"quienes-somos","status":"publish","type":"page","link":"https:\/\/restaurantelasrejas.com\/?page_id=78","title":{"rendered":"Quienes Somos"},"content":{"rendered":"<p>[et_pb_section fb_built=\u00bb1&#8243; admin_label=\u00bbHeader\u00bb _builder_version=\u00bb4.20.1&#8243; _module_preset=\u00bbdefault\u00bb background_color=\u00bbrgba(0,0,0,0.39)\u00bb background_image=\u00bbhttps:\/\/restaurantelasrejas.com\/wp-content\/uploads\/2023\/03\/equipo-las-rejas.png\u00bb background_blend=\u00bbcolor-dodge\u00bb custom_padding=\u00bb16vw||16vw||true|false\u00bb locked=\u00bboff\u00bb collapsed=\u00bbon\u00bb global_colors_info=\u00bb{}\u00bb][et_pb_row _builder_version=\u00bb4.17.4&#8243; _module_preset=\u00bbdefault\u00bb width=\u00bb700px\u00bb width_tablet=\u00bb80%\u00bb width_phone=\u00bb80%\u00bb width_last_edited=\u00bbon|tablet\u00bb global_colors_info=\u00bb{}\u00bb][et_pb_column type=\u00bb4_4&#8243; _builder_version=\u00bb4.17.4&#8243; _module_preset=\u00bbdefault\u00bb global_colors_info=\u00bb{}\u00bb][et_pb_text _builder_version=\u00bb4.20.1&#8243; _module_preset=\u00bbe6504a1b-67eb-4b3d-b023-bcab277610b6&#8243; header_4_font=\u00bbOpen Sans|700||on|||||\u00bb header_4_text_color=\u00bb#777777&#8243; header_4_font_size=\u00bb14px\u00bb header_4_letter_spacing=\u00bb0.3em\u00bb header_4_line_height=\u00bb1.4em\u00bb text_orientation=\u00bbcenter\u00bb custom_margin=\u00bb||0px||false|false\u00bb global_colors_info=\u00bb{}\u00bb]<\/p>\n<h4>Tu Restaurante en Granada<\/h4>\n<p>[\/et_pb_text][et_pb_text _builder_version=\u00bb4.20.1&#8243; _module_preset=\u00bbc16985e1-e0d6-4022-964d-e2bfc04fa633&#8243; header_font=\u00bbCalligraffitti|600|||||||\u00bb header_text_color=\u00bb#FFFFFF\u00bb header_font_size=\u00bb75px\u00bb header_line_height=\u00bb1.2em\u00bb text_orientation=\u00bbcenter\u00bb header_font_size_tablet=\u00bb40px\u00bb header_font_size_phone=\u00bb24px\u00bb header_font_size_last_edited=\u00bbon|desktop\u00bb global_colors_info=\u00bb{}\u00bb]<\/p>\n<h1>\u00bfQui\u00e9nes Somos?<\/h1>\n<p>[\/et_pb_text][et_pb_button button_text=\u00bbLlamar\u00bb button_alignment=\u00bbcenter\u00bb _builder_version=\u00bb4.20.2&#8243; _module_preset=\u00bb31b4f027-aaa0-4f2f-ae02-959764e19e4f\u00bb custom_button=\u00bbon\u00bb button_text_size=\u00bb14px\u00bb button_text_color=\u00bb#FFFFFF\u00bb button_bg_color=\u00bb#4db163&#8243; button_border_width=\u00bb0px\u00bb button_border_radius=\u00bb0px\u00bb button_font=\u00bbOpen Sans|700||on|||||\u00bb custom_padding=\u00bb16px|24px|16px|24px|true|true\u00bb hover_enabled=\u00bb0&#8243; global_colors_info=\u00bb{}\u00bb button_url=\u00bbtel:+34605034529&#8243; sticky_enabled=\u00bb0&#8243;][\/et_pb_button][\/et_pb_column][\/et_pb_row][\/et_pb_section][et_pb_section fb_built=\u00bb1&#8243; admin_label=\u00bbHeader\u00bb _builder_version=\u00bb4.20.1&#8243; _module_preset=\u00bbdefault\u00bb background_color=\u00bb#F6F3EF\u00bb background_enable_image=\u00bboff\u00bb background_size=\u00bbcustom\u00bb background_image_height=\u00bb6vw\u00bb background_position=\u00bbtop_center\u00bb custom_padding=\u00bb7vw||||false|false\u00bb collapsed=\u00bbon\u00bb global_colors_info=\u00bb{}\u00bb][et_pb_row _builder_version=\u00bb4.17.4&#8243; _module_preset=\u00bbdefault\u00bb max_width=\u00bb900px\u00bb global_colors_info=\u00bb{}\u00bb][et_pb_column type=\u00bb4_4&#8243; _builder_version=\u00bb4.17.4&#8243; _module_preset=\u00bbdefault\u00bb global_colors_info=\u00bb{}\u00bb][et_pb_text _builder_version=\u00bb4.20.1&#8243; _module_preset=\u00bbc16985e1-e0d6-4022-964d-e2bfc04fa633&#8243; header_font=\u00bbCalligraffitti|600|||||||\u00bb header_text_color=\u00bb#000000&#8243; header_font_size=\u00bb75px\u00bb header_line_height=\u00bb1.2em\u00bb text_orientation=\u00bbcenter\u00bb header_font_size_tablet=\u00bb40px\u00bb header_font_size_phone=\u00bb24px\u00bb header_font_size_last_edited=\u00bbon|desktop\u00bb global_colors_info=\u00bb{}\u00bb]<\/p>\n<h1>Ven a visitarnos<\/h1>\n<p>[\/et_pb_text][et_pb_text _builder_version=\u00bb4.20.1&#8243; _module_preset=\u00bb1f09816e-184e-4ce5-a4cf-b39c52c423ca\u00bb text_font=\u00bbOpen Sans||||||||\u00bb text_text_color=\u00bb#666666&#8243; text_font_size=\u00bb16px\u00bb text_line_height=\u00bb1.8em\u00bb text_orientation=\u00bbcenter\u00bb text_font_size_tablet=\u00bb15px\u00bb text_font_size_phone=\u00bb14px\u00bb text_font_size_last_edited=\u00bbon|phone\u00bb header_font_size_tablet=\u00bb55px\u00bb header_font_size_last_edited=\u00bboff|desktop\u00bb global_colors_info=\u00bb{}\u00bb]<\/p>\n<p><span>Nos encontrar\u00e1s cerca de la Alhambra, a 5 minutos del centro y a 20 minutos de la estaci\u00f3n de esqu\u00ed de Sierra Nevada. En la localidad granadina de Cenes de la Vega podr\u00e1s disfrutar de nuestra cocina.<\/span><\/p>\n<p>[\/et_pb_text][\/et_pb_column][\/et_pb_row][\/et_pb_section][et_pb_section fb_built=\u00bb1&#8243; admin_label=\u00bbMission\u00bb _builder_version=\u00bb4.17.4&#8243; _module_preset=\u00bbdefault\u00bb background_color=\u00bb#F6F3EF\u00bb collapsed=\u00bbon\u00bb global_colors_info=\u00bb{}\u00bb][et_pb_row column_structure=\u00bb1_2,1_2&#8243; use_custom_gutter=\u00bbon\u00bb gutter_width=\u00bb2&#8243; make_equal=\u00bbon\u00bb _builder_version=\u00bb4.17.4&#8243; _module_preset=\u00bbdefault\u00bb custom_padding=\u00bb0px||0px||false|false\u00bb global_colors_info=\u00bb{}\u00bb][et_pb_column type=\u00bb1_2&#8243; _builder_version=\u00bb4.17.4&#8243; _module_preset=\u00bbdefault\u00bb global_colors_info=\u00bb{}\u00bb][et_pb_image src=\u00bbhttps:\/\/restaurantelasrejas.com\/wp-content\/uploads\/2023\/03\/carnes-a-la-piedra.png\u00bb alt=\u00bbcarnes a la piedra\u00bb title_text=\u00bbcarnes a la piedra\u00bb _builder_version=\u00bb4.20.1&#8243; _module_preset=\u00bbdefault\u00bb custom_margin=\u00bb|||-20vw|false|false\u00bb global_colors_info=\u00bb{}\u00bb][\/et_pb_image][\/et_pb_column][et_pb_column type=\u00bb1_2&#8243; _builder_version=\u00bb4.17.4&#8243; _module_preset=\u00bbdefault\u00bb custom_padding=\u00bb5%||5%||true|false\u00bb global_colors_info=\u00bb{}\u00bb][et_pb_text _builder_version=\u00bb4.20.1&#8243; _module_preset=\u00bbb327cbe4-b1d5-4b66-ad37-40c8f2f061ba\u00bb header_2_font=\u00bbCalligraffitti|600|||||||\u00bb header_2_text_color=\u00bb#000000&#8243; header_2_font_size=\u00bb48px\u00bb header_2_line_height=\u00bb1.2em\u00bb header_2_font_size_tablet=\u00bb32px\u00bb header_2_font_size_phone=\u00bb20px\u00bb header_2_font_size_last_edited=\u00bbon|desktop\u00bb global_colors_info=\u00bb{}\u00bb]<\/p>\n<h2>Cocina de Producto<\/h2>\n<p>[\/et_pb_text][et_pb_text _builder_version=\u00bb4.20.1&#8243; _module_preset=\u00bb1f09816e-184e-4ce5-a4cf-b39c52c423ca\u00bb text_font=\u00bbOpen Sans||||||||\u00bb text_text_color=\u00bb#666666&#8243; text_font_size=\u00bb16px\u00bb text_line_height=\u00bb1.8em\u00bb text_font_size_tablet=\u00bb15px\u00bb text_font_size_phone=\u00bb14px\u00bb text_font_size_last_edited=\u00bbon|phone\u00bb header_font_size_tablet=\u00bb55px\u00bb header_font_size_last_edited=\u00bboff|desktop\u00bb global_colors_info=\u00bb{}\u00bb]<\/p>\n<p>Trabajamos con los mejores productos y proveedores para que tu experiencia en nuestro restaurante sea la mejor posible. Nuestra misi\u00f3n es que te vayas satisfech@ vuelvas de nuevo.<\/p>\n<p>[\/et_pb_text][et_pb_image src=\u00bbhttps:\/\/restaurantelasrejas.com\/wp-content\/uploads\/2023\/03\/restaurante-en-granada.png\u00bb alt=\u00bbdonde comer en Granada\u00bb title_text=\u00bbrestaurante en granada\u00bb show_bottom_space=\u00bboff\u00bb _builder_version=\u00bb4.20.1&#8243; _module_preset=\u00bbdefault\u00bb width=\u00bb50%\u00bb global_colors_info=\u00bb{}\u00bb][\/et_pb_image][et_pb_image src=\u00bbhttps:\/\/restaurantelasrejas.com\/wp-content\/uploads\/2023\/03\/comida-de-calidad.png\u00bb alt=\u00bbrestaurante en cenes de la vega\u00bb title_text=\u00bbcomida de calidad\u00bb show_bottom_space=\u00bboff\u00bb _builder_version=\u00bb4.20.1&#8243; _module_preset=\u00bbdefault\u00bb positioning=\u00bbabsolute\u00bb position_origin_a=\u00bbbottom_right\u00bb width=\u00bb45%\u00bb global_colors_info=\u00bb{}\u00bb][\/et_pb_image][\/et_pb_column][\/et_pb_row][\/et_pb_section][et_pb_section fb_built=\u00bb1&#8243; admin_label=\u00bbAbout\u00bb _builder_version=\u00bb4.17.4&#8243; _module_preset=\u00bbdefault\u00bb background_color=\u00bb#F6F3EF\u00bb collapsed=\u00bbon\u00bb global_colors_info=\u00bb{}\u00bb][et_pb_row column_structure=\u00bb1_2,1_2&#8243; _builder_version=\u00bb4.17.4&#8243; _module_preset=\u00bbdefault\u00bb global_colors_info=\u00bb{}\u00bb][et_pb_column type=\u00bb1_2&#8243; _builder_version=\u00bb4.17.4&#8243; _module_preset=\u00bbdefault\u00bb custom_padding=\u00bb|40px|40px|40px|false|true\u00bb custom_padding_tablet=\u00bb|30px|30px|30px|false|true\u00bb custom_padding_phone=\u00bb|20px|20px|20px|false|true\u00bb custom_padding_last_edited=\u00bbon|phone\u00bb border_width_all=\u00bb4px\u00bb border_color_all=\u00bb#0A0A0A\u00bb global_colors_info=\u00bb{}\u00bb][et_pb_text _builder_version=\u00bb4.20.1&#8243; _module_preset=\u00bbe6504a1b-67eb-4b3d-b023-bcab277610b6&#8243; header_4_font=\u00bbCalligraffitti|700||on|||||\u00bb header_4_text_color=\u00bb#4db163&#8243; header_4_font_size=\u00bb14px\u00bb header_4_letter_spacing=\u00bb0.3em\u00bb header_4_line_height=\u00bb1.4em\u00bb background_color=\u00bb#F6F3EF\u00bb text_orientation=\u00bbcenter\u00bb width=\u00bb50%\u00bb module_alignment=\u00bbcenter\u00bb custom_margin=\u00bb-10px||30px||false|false\u00bb custom_margin_tablet=\u00bb-10px||30px||false|false\u00bb custom_margin_phone=\u00bb||20px||false|false\u00bb custom_margin_last_edited=\u00bbon|phone\u00bb custom_padding=\u00bb|3%||3%|false|true\u00bb global_colors_info=\u00bb{}\u00bb]<\/p>\n<h4>Selecta carta de vinos<\/h4>\n<p>[\/et_pb_text][et_pb_text _builder_version=\u00bb4.20.1&#8243; _module_preset=\u00bb1f09816e-184e-4ce5-a4cf-b39c52c423ca\u00bb text_font=\u00bbOpen Sans||||||||\u00bb text_text_color=\u00bb#666666&#8243; text_font_size=\u00bb16px\u00bb text_line_height=\u00bb1.8em\u00bb text_orientation=\u00bbcenter\u00bb text_font_size_tablet=\u00bb15px\u00bb text_font_size_phone=\u00bb14px\u00bb text_font_size_last_edited=\u00bbon|phone\u00bb header_font_size_tablet=\u00bb55px\u00bb header_font_size_last_edited=\u00bboff|desktop\u00bb global_colors_info=\u00bb{}\u00bb]<\/p>\n<p>En Restaurante Las Rejas cuidamos hasta el \u00faltimo detalle para que nuestra Carta cuente con los mejores vinos de Denominaci\u00f3n de Origen a nivel nacional.<\/p>\n<p>[\/et_pb_text][\/et_pb_column][et_pb_column type=\u00bb1_2&#8243; _builder_version=\u00bb4.17.4&#8243; _module_preset=\u00bbdefault\u00bb global_colors_info=\u00bb{}\u00bb][et_pb_image src=\u00bbhttps:\/\/restaurantelasrejas.com\/wp-content\/uploads\/2023\/03\/vinos-granada.png\u00bb alt=\u00bbvinos en granada\u00bb title_text=\u00bbvinos granada\u00bb _builder_version=\u00bb4.20.1&#8243; _module_preset=\u00bbdefault\u00bb global_colors_info=\u00bb{}\u00bb][\/et_pb_image][\/et_pb_column][\/et_pb_row][\/et_pb_section][et_pb_section fb_built=\u00bb1&#8243; admin_label=\u00bbTestimonial\u00bb _builder_version=\u00bb4.17.4&#8243; _module_preset=\u00bbdefault\u00bb background_color=\u00bb#F6F3EF\u00bb locked=\u00bboff\u00bb collapsed=\u00bbon\u00bb global_colors_info=\u00bb{}\u00bb][et_pb_row custom_padding_last_edited=\u00bboff|desktop\u00bb _builder_version=\u00bb4.20.1&#8243; _module_preset=\u00bbdefault\u00bb custom_padding=\u00bb0px||0px||true|false\u00bb custom_padding_tablet=\u00bb|30px|10%|30px|false|true\u00bb custom_padding_phone=\u00bb|20px|10%|20px|false|true\u00bb border_width_all=\u00bb4px\u00bb border_color_all=\u00bb#4db163&#8243; global_colors_info=\u00bb{}\u00bb][et_pb_column type=\u00bb4_4&#8243; _builder_version=\u00bb4.17.4&#8243; _module_preset=\u00bbdefault\u00bb custom_padding=\u00bb10%|10%|10%|10%|true|true\u00bb global_colors_info=\u00bb{}\u00bb][et_pb_text _builder_version=\u00bb4.17.4&#8243; _module_preset=\u00bbaaa7c440-590a-4078-ae0c-0f3c699ac51c\u00bb header_font=\u00bb||||||||\u00bb header_3_font=\u00bbJost|500|||||||\u00bb header_3_text_color=\u00bb#000000&#8243; header_3_font_size=\u00bb25px\u00bb header_3_line_height=\u00bb1.4em\u00bb background_color=\u00bb#F6F3EF\u00bb transform_translate_linked=\u00bboff\u00bb positioning=\u00bbabsolute\u00bb position_origin_a=\u00bbtop_center\u00bb vertical_offset=\u00bb-18px\u00bb text_orientation=\u00bbcenter\u00bb custom_margin=\u00bb||||false|false\u00bb custom_padding=\u00bb|3%||3%|false|true\u00bb header_3_font_size_tablet=\u00bb\u00bb header_3_font_size_phone=\u00bb20px\u00bb header_3_font_size_last_edited=\u00bbon|phone\u00bb global_colors_info=\u00bb{}\u00bb]<\/p>\n<h3>\u00ab<\/h3>\n<p>[\/et_pb_text][et_pb_text _builder_version=\u00bb4.20.1&#8243; _module_preset=\u00bbb327cbe4-b1d5-4b66-ad37-40c8f2f061ba\u00bb header_2_font=\u00bbCalligraffitti|600|||||||\u00bb header_2_text_color=\u00bb#000000&#8243; header_2_font_size=\u00bb55px\u00bb header_2_line_height=\u00bb1.2em\u00bb text_orientation=\u00bbcenter\u00bb max_width_tablet=\u00bb650px\u00bb max_width_phone=\u00bb650px\u00bb max_width_last_edited=\u00bboff|desktop\u00bb module_alignment=\u00bbcenter\u00bb header_2_font_size_tablet=\u00bb32px\u00bb header_2_font_size_phone=\u00bb20px\u00bb header_2_font_size_last_edited=\u00bbon|desktop\u00bb global_colors_info=\u00bb{}\u00bb]<\/p>\n<h2>\u00a1Si\u00e9ntete como en casa!<\/h2>\n<p>[\/et_pb_text][et_pb_text _builder_version=\u00bb4.20.1&#8243; _module_preset=\u00bbaaa7c440-590a-4078-ae0c-0f3c699ac51c\u00bb header_font=\u00bb||||||||\u00bb header_3_font=\u00bbOpen Sans|500|||||||\u00bb header_3_text_color=\u00bb#000000&#8243; header_3_font_size=\u00bb25px\u00bb header_3_line_height=\u00bb1.4em\u00bb text_orientation=\u00bbcenter\u00bb width=\u00bb700px\u00bb width_tablet=\u00bb100%\u00bb width_phone=\u00bb100%\u00bb width_last_edited=\u00bbon|tablet\u00bb module_alignment=\u00bbcenter\u00bb custom_margin=\u00bb||0px||false|false\u00bb header_3_font_size_tablet=\u00bb\u00bb header_3_font_size_phone=\u00bb20px\u00bb header_3_font_size_last_edited=\u00bbon|phone\u00bb global_colors_info=\u00bb{}\u00bb]<\/p>\n<h3>En esta cocina pasan cosas m\u00e1gicas. Si\u00e9ntate a nuestra mesa y disfruta.<\/h3>\n<p>[\/et_pb_text][\/et_pb_column][\/et_pb_row][\/et_pb_section]<\/p>\n","protected":false},"excerpt":{"rendered":"<p>Tu Restaurante en Granada\u00bfQui\u00e9nes Somos?Ven a visitarnosNos encontrar\u00e1s cerca de la Alhambra, a 5 minutos del centro y a 20 minutos de la estaci\u00f3n de esqu\u00ed de Sierra Nevada. En la localidad granadina de Cenes de la Vega podr\u00e1s disfrutar de nuestra cocina.Cocina de ProductoTrabajamos con los mejores productos y proveedores para que tu experiencia [&hellip;]<\/p>\n","protected":false},"author":2,"featured_media":0,"parent":0,"menu_order":0,"comment_status":"closed","ping_status":"closed","template":"","meta":{"_et_pb_use_builder":"on","_et_pb_old_content":"","_et_gb_content_width":"","_joinchat":[],"footnotes":""},"class_list":["post-78","page","type-page","status-publish","hentry"],"yoast_head":"<!-- This site is optimized with the Yoast SEO plugin v27.4 - https:\/\/yoast.com\/product\/yoast-seo-wordpress\/ -->\n<title>Quienes Somos - Restaurante Las Rejas<\/title>\n<meta name=\"robots\" content=\"index, follow, max-snippet:-1, max-image-preview:large, max-video-preview:-1\" \/>\n<link rel=\"canonical\" href=\"https:\/\/restaurantelasrejas.com\/?page_id=78\" \/>\n<meta property=\"og:locale\" content=\"es_ES\" \/>\n<meta property=\"og:type\" content=\"article\" \/>\n<meta property=\"og:title\" content=\"Quienes Somos - Restaurante Las Rejas\" \/>\n<meta property=\"og:description\" content=\"Tu Restaurante en Granada\u00bfQui\u00e9nes Somos?Ven a visitarnosNos encontrar\u00e1s cerca de la Alhambra, a 5 minutos del centro y a 20 minutos de la estaci\u00f3n de esqu\u00ed de Sierra Nevada. En la localidad granadina de Cenes de la Vega podr\u00e1s disfrutar de nuestra cocina.Cocina de ProductoTrabajamos con los mejores productos y proveedores para que tu experiencia [&hellip;]\" \/>\n<meta property=\"og:url\" content=\"https:\/\/restaurantelasrejas.com\/?page_id=78\" \/>\n<meta property=\"og:site_name\" content=\"Restaurante Las Rejas\" \/>\n<meta property=\"article:publisher\" content=\"https:\/\/m.facebook.com\/people\/Restaurante-Las-Rejas\/100063717513262\/?locale=es_ES\" \/>\n<meta property=\"article:modified_time\" content=\"2023-03-20T10:07:51+00:00\" \/>\n<meta name=\"twitter:card\" content=\"summary_large_image\" \/>\n<meta name=\"twitter:label1\" content=\"Tiempo de lectura\" \/>\n\t<meta name=\"twitter:data1\" content=\"8 minutos\" \/>\n<script type=\"application\/ld+json\" class=\"yoast-schema-graph\">{\"@context\":\"https:\\\/\\\/schema.org\",\"@graph\":[{\"@type\":\"WebPage\",\"@id\":\"https:\\\/\\\/restaurantelasrejas.com\\\/?page_id=78\",\"url\":\"https:\\\/\\\/restaurantelasrejas.com\\\/?page_id=78\",\"name\":\"Quienes Somos - Restaurante Las Rejas\",\"isPartOf\":{\"@id\":\"https:\\\/\\\/restaurantelasrejas.com\\\/#website\"},\"datePublished\":\"2023-01-30T12:46:29+00:00\",\"dateModified\":\"2023-03-20T10:07:51+00:00\",\"breadcrumb\":{\"@id\":\"https:\\\/\\\/restaurantelasrejas.com\\\/?page_id=78#breadcrumb\"},\"inLanguage\":\"es\",\"potentialAction\":[{\"@type\":\"ReadAction\",\"target\":[\"https:\\\/\\\/restaurantelasrejas.com\\\/?page_id=78\"]}]},{\"@type\":\"BreadcrumbList\",\"@id\":\"https:\\\/\\\/restaurantelasrejas.com\\\/?page_id=78#breadcrumb\",\"itemListElement\":[{\"@type\":\"ListItem\",\"position\":1,\"name\":\"Portada\",\"item\":\"https:\\\/\\\/restaurantelasrejas.com\\\/\"},{\"@type\":\"ListItem\",\"position\":2,\"name\":\"Quienes Somos\"}]},{\"@type\":\"WebSite\",\"@id\":\"https:\\\/\\\/restaurantelasrejas.com\\\/#website\",\"url\":\"https:\\\/\\\/restaurantelasrejas.com\\\/\",\"name\":\"Restaurante Las Rejas\",\"description\":\"Just another WordPress site\",\"publisher\":{\"@id\":\"https:\\\/\\\/restaurantelasrejas.com\\\/#organization\"},\"potentialAction\":[{\"@type\":\"SearchAction\",\"target\":{\"@type\":\"EntryPoint\",\"urlTemplate\":\"https:\\\/\\\/restaurantelasrejas.com\\\/?s={search_term_string}\"},\"query-input\":{\"@type\":\"PropertyValueSpecification\",\"valueRequired\":true,\"valueName\":\"search_term_string\"}}],\"inLanguage\":\"es\"},{\"@type\":\"Organization\",\"@id\":\"https:\\\/\\\/restaurantelasrejas.com\\\/#organization\",\"name\":\"Restaurante Las Rejas\",\"url\":\"https:\\\/\\\/restaurantelasrejas.com\\\/\",\"logo\":{\"@type\":\"ImageObject\",\"inLanguage\":\"es\",\"@id\":\"https:\\\/\\\/restaurantelasrejas.com\\\/#\\\/schema\\\/logo\\\/image\\\/\",\"url\":\"https:\\\/\\\/restaurantelasrejas.com\\\/wp-content\\\/uploads\\\/2023\\\/03\\\/LOGO-LAS-REJAS-05.png\",\"contentUrl\":\"https:\\\/\\\/restaurantelasrejas.com\\\/wp-content\\\/uploads\\\/2023\\\/03\\\/LOGO-LAS-REJAS-05.png\",\"width\":3508,\"height\":2481,\"caption\":\"Restaurante Las Rejas\"},\"image\":{\"@id\":\"https:\\\/\\\/restaurantelasrejas.com\\\/#\\\/schema\\\/logo\\\/image\\\/\"},\"sameAs\":[\"https:\\\/\\\/m.facebook.com\\\/people\\\/Restaurante-Las-Rejas\\\/100063717513262\\\/?locale=es_ES\",\"https:\\\/\\\/www.instagram.com\\\/restaurantelasrejas\\\/\"]}]}<\/script>\n<!-- \/ Yoast SEO plugin. -->","yoast_head_json":{"title":"Quienes Somos - Restaurante Las Rejas","robots":{"index":"index","follow":"follow","max-snippet":"max-snippet:-1","max-image-preview":"max-image-preview:large","max-video-preview":"max-video-preview:-1"},"canonical":"https:\/\/restaurantelasrejas.com\/?page_id=78","og_locale":"es_ES","og_type":"article","og_title":"Quienes Somos - Restaurante Las Rejas","og_description":"Tu Restaurante en Granada\u00bfQui\u00e9nes Somos?Ven a visitarnosNos encontrar\u00e1s cerca de la Alhambra, a 5 minutos del centro y a 20 minutos de la estaci\u00f3n de esqu\u00ed de Sierra Nevada. En la localidad granadina de Cenes de la Vega podr\u00e1s disfrutar de nuestra cocina.Cocina de ProductoTrabajamos con los mejores productos y proveedores para que tu experiencia [&hellip;]","og_url":"https:\/\/restaurantelasrejas.com\/?page_id=78","og_site_name":"Restaurante Las Rejas","article_publisher":"https:\/\/m.facebook.com\/people\/Restaurante-Las-Rejas\/100063717513262\/?locale=es_ES","article_modified_time":"2023-03-20T10:07:51+00:00","twitter_card":"summary_large_image","twitter_misc":{"Tiempo de lectura":"8 minutos"},"schema":{"@context":"https:\/\/schema.org","@graph":[{"@type":"WebPage","@id":"https:\/\/restaurantelasrejas.com\/?page_id=78","url":"https:\/\/restaurantelasrejas.com\/?page_id=78","name":"Quienes Somos - Restaurante Las Rejas","isPartOf":{"@id":"https:\/\/restaurantelasrejas.com\/#website"},"datePublished":"2023-01-30T12:46:29+00:00","dateModified":"2023-03-20T10:07:51+00:00","breadcrumb":{"@id":"https:\/\/restaurantelasrejas.com\/?page_id=78#breadcrumb"},"inLanguage":"es","potentialAction":[{"@type":"ReadAction","target":["https:\/\/restaurantelasrejas.com\/?page_id=78"]}]},{"@type":"BreadcrumbList","@id":"https:\/\/restaurantelasrejas.com\/?page_id=78#breadcrumb","itemListElement":[{"@type":"ListItem","position":1,"name":"Portada","item":"https:\/\/restaurantelasrejas.com\/"},{"@type":"ListItem","position":2,"name":"Quienes Somos"}]},{"@type":"WebSite","@id":"https:\/\/restaurantelasrejas.com\/#website","url":"https:\/\/restaurantelasrejas.com\/","name":"Restaurante Las Rejas","description":"Just another WordPress site","publisher":{"@id":"https:\/\/restaurantelasrejas.com\/#organization"},"potentialAction":[{"@type":"SearchAction","target":{"@type":"EntryPoint","urlTemplate":"https:\/\/restaurantelasrejas.com\/?s={search_term_string}"},"query-input":{"@type":"PropertyValueSpecification","valueRequired":true,"valueName":"search_term_string"}}],"inLanguage":"es"},{"@type":"Organization","@id":"https:\/\/restaurantelasrejas.com\/#organization","name":"Restaurante Las Rejas","url":"https:\/\/restaurantelasrejas.com\/","logo":{"@type":"ImageObject","inLanguage":"es","@id":"https:\/\/restaurantelasrejas.com\/#\/schema\/logo\/image\/","url":"https:\/\/restaurantelasrejas.com\/wp-content\/uploads\/2023\/03\/LOGO-LAS-REJAS-05.png","contentUrl":"https:\/\/restaurantelasrejas.com\/wp-content\/uploads\/2023\/03\/LOGO-LAS-REJAS-05.png","width":3508,"height":2481,"caption":"Restaurante Las Rejas"},"image":{"@id":"https:\/\/restaurantelasrejas.com\/#\/schema\/logo\/image\/"},"sameAs":["https:\/\/m.facebook.com\/people\/Restaurante-Las-Rejas\/100063717513262\/?locale=es_ES","https:\/\/www.instagram.com\/restaurantelasrejas\/"]}]}},"_links":{"self":[{"href":"https:\/\/restaurantelasrejas.com\/index.php?rest_route=\/wp\/v2\/pages\/78","targetHints":{"allow":["GET"]}}],"collection":[{"href":"https:\/\/restaurantelasrejas.com\/index.php?rest_route=\/wp\/v2\/pages"}],"about":[{"href":"https:\/\/restaurantelasrejas.com\/index.php?rest_route=\/wp\/v2\/types\/page"}],"author":[{"embeddable":true,"href":"https:\/\/restaurantelasrejas.com\/index.php?rest_route=\/wp\/v2\/users\/2"}],"replies":[{"embeddable":true,"href":"https:\/\/restaurantelasrejas.com\/index.php?rest_route=%2Fwp%2Fv2%2Fcomments&post=78"}],"version-history":[{"count":0,"href":"https:\/\/restaurantelasrejas.com\/index.php?rest_route=\/wp\/v2\/pages\/78\/revisions"}],"wp:attachment":[{"href":"https:\/\/restaurantelasrejas.com\/index.php?rest_route=%2Fwp%2Fv2%2Fmedia&parent=78"}],"curies":[{"name":"wp","href":"https:\/\/api.w.org\/{rel}","templated":true}]}}